{"id":506,"date":"2022-01-18T13:26:42","date_gmt":"2022-01-18T12:26:42","guid":{"rendered":"https:\/\/safetysistemas.es\/?page_id=506"},"modified":"2022-01-18T16:13:41","modified_gmt":"2022-01-18T15:13:41","slug":"control-de-accesos","status":"publish","type":"page","link":"https:\/\/safetysistemas.es\/?page_id=506","title":{"rendered":"Control de accesos"},"content":{"rendered":"<p>[et_pb_section fb_built=\u00bb1&#8243; module_id=\u00bbinicio\u00bb _builder_version=\u00bb4.9.6&#8243; _module_preset=\u00bbdefault\u00bb background_image=\u00bbhttps:\/\/safetysistemas.es\/wp-content\/uploads\/2021\/06\/hero-area.jpg\u00bb parallax=\u00bbon\u00bb parallax_method=\u00bboff\u00bb custom_padding=\u00bb||0px|||\u00bb][et_pb_row _builder_version=\u00bb4.9.6&#8243; _module_preset=\u00bbdefault\u00bb custom_padding=\u00bb5vh||5vh||false|false\u00bb][et_pb_column type=\u00bb4_4&#8243; _builder_version=\u00bb4.9.0&#8243; _module_preset=\u00bbdefault\u00bb][et_pb_image src=\u00bbhttps:\/\/safetysistemas.es\/wp-content\/uploads\/2021\/06\/icon.png\u00bb title_text=\u00bbicon\u00bb align=\u00bbcenter\u00bb _builder_version=\u00bb4.9.6&#8243; _module_preset=\u00bbdefault\u00bb custom_margin=\u00bb||-6px|||\u00bb custom_padding=\u00bb||7px|||\u00bb][\/et_pb_image][et_pb_text _builder_version=\u00bb4.9.6&#8243; _module_preset=\u00bbdefault\u00bb header_font=\u00bbLato|900|||||||\u00bb header_text_align=\u00bbcenter\u00bb header_text_color=\u00bb#FFFFFF\u00bb header_font_size=\u00bb42px\u00bb header_letter_spacing=\u00bb1px\u00bb custom_margin=\u00bb||21px|||\u00bb header_font_size_tablet=\u00bb30px\u00bb header_font_size_phone=\u00bb30px\u00bb header_font_size_last_edited=\u00bbon|phone\u00bb]<\/p>\n<h1>CONTROL DE ACCESOS<\/h1>\n<p>[\/et_pb_text][et_pb_divider divider_weight=\u00bb2px\u00bb _builder_version=\u00bb4.9.6&#8243; _module_preset=\u00bbdefault\u00bb width=\u00bb70px\u00bb module_alignment=\u00bbcenter\u00bb custom_margin=\u00bb||0px||false|false\u00bb][\/et_pb_divider][et_pb_text _builder_version=\u00bb4.9.6&#8243; _module_preset=\u00bbdefault\u00bb header_2_font=\u00bb||||||||\u00bb header_2_text_align=\u00bbcenter\u00bb header_2_text_color=\u00bb#FFFFFF\u00bb header_2_font_size=\u00bb1.25rem\u00bb header_2_letter_spacing=\u00bb1px\u00bb header_3_font=\u00bb|800|||||||\u00bb header_3_text_align=\u00bbcenter\u00bb header_3_text_color=\u00bb#FFFFFF\u00bb header_3_letter_spacing=\u00bb1px\u00bb custom_margin=\u00bb||26px|||\u00bb]<\/p>\n<h2>La mejor tecnolog\u00eda para que elijas qui\u00e9n y cu\u00e1ndo accede a tu propiedad.<\/h2>\n<p>[\/et_pb_text][\/et_pb_column][\/et_pb_row][\/et_pb_section][et_pb_section fb_built=\u00bb1&#8243; module_id=\u00bbservicios\u00bb _builder_version=\u00bb4.9.6&#8243; _module_preset=\u00bbdefault\u00bb][et_pb_row custom_padding_last_edited=\u00bbon|phone\u00bb _builder_version=\u00bb4.9.6&#8243; _module_preset=\u00bbdefault\u00bb custom_padding_tablet=\u00bb\u00bb custom_padding_phone=\u00bb||0px||false|false\u00bb][et_pb_column type=\u00bb4_4&#8243; _builder_version=\u00bb4.9.6&#8243; _module_preset=\u00bbdefault\u00bb][et_pb_text _builder_version=\u00bb4.9.6&#8243; _module_preset=\u00bbdefault\u00bb text_text_color=\u00bb#333333&#8243; text_font_size=\u00bb16px\u00bb link_font=\u00bb|600|||||||\u00bb header_2_font=\u00bb|800|||||||\u00bb header_2_text_align=\u00bbcenter\u00bb header_2_text_color=\u00bb#FFFFFF\u00bb header_2_font_size=\u00bb42px\u00bb custom_margin=\u00bb||9px|||\u00bb hover_enabled=\u00bb0&#8243; sticky_enabled=\u00bb0&#8243;]\u00bfQuieres contar con la <strong>mejor tecnolog\u00eda<\/strong> para que elijas qui\u00e9n y cu\u00e1ndo accede a tu propiedad? Con los equipos de control de accesos sin cuotas de Safety Sistemas, es m\u00e1s f\u00e1cil que nunca.<\/p>\n<p>Elige el sistema de control de acceso o presencia que m\u00e1s te convenga. Desde opciones m\u00e1s convencionales como lectores de tarjeta o cerraduras electr\u00f3nicas hasta las opciones por biometr\u00eda como huella dactilar o reconocimiento facial. Elijas la opci\u00f3n que elijas, podr\u00e1s <strong>gestionarla de forma remota<\/strong> desde uno de tus dispositivos.<\/p>\n<p>Adem\u00e1s, estos equipos te facilitan cumplir con la legislaci\u00f3n actual de control horario en tu negocio, ya que es posible <strong>descargar reportes de asistencia f\u00e1cilmente<\/strong> en archivos est\u00e1ndar como Excel.<br \/>\nLa instalaci\u00f3n se realiza adecu\u00e1ndose a cada inmueble y a tus necesidades.<\/p>\n<p>En Safety Sistemas, los sistemas de control de accesos son <strong>sin cuotas<\/strong>. Paga una vez y controla el acceso a tu propiedad desde uno de tus dispositivos. [\/et_pb_text][\/et_pb_column][\/et_pb_row][et_pb_row _builder_version=\u00bb4.9.6&#8243; _module_preset=\u00bbdefault\u00bb custom_padding=\u00bb0px|||||\u00bb global_module=\u00bb532&#8243;][et_pb_column type=\u00bb4_4&#8243; _builder_version=\u00bb4.9.6&#8243; _module_preset=\u00bbdefault\u00bb][et_pb_button button_url=\u00bb#contacto\u00bb button_text=\u00bbCONTACTA CON NOSOTROS\u00bb button_alignment=\u00bbcenter\u00bb _builder_version=\u00bb4.9.6&#8243; _module_preset=\u00bbdefault\u00bb custom_button=\u00bbon\u00bb button_text_size=\u00bb1rem\u00bb button_text_color=\u00bb#FFFFFF\u00bb button_bg_color=\u00bb#ffc926&#8243; button_border_color=\u00bb#ffc926&#8243; button_border_radius=\u00bb30px\u00bb button_use_icon=\u00bboff\u00bb custom_padding=\u00bb7px|40px|7px|40px|true|true\u00bb locked=\u00bboff\u00bb button_bg_color__hover_enabled=\u00bbon|hover\u00bb button_bg_color__hover=\u00bb#fbdd59&#8243; button_bg_enable_color__hover=\u00bbon\u00bb button_border_color__hover_enabled=\u00bbon|hover\u00bb button_border_color__hover=\u00bb#fbdd59&#8243;][\/et_pb_button][\/et_pb_column][\/et_pb_row][\/et_pb_section][et_pb_section fb_built=\u00bb1&#8243; _builder_version=\u00bb4.9.6&#8243; _module_preset=\u00bbdefault\u00bb background_color=\u00bb#ffc926&#8243;][et_pb_row _builder_version=\u00bb4.9.6&#8243; _module_preset=\u00bbdefault\u00bb width_tablet=\u00bb\u00bb width_phone=\u00bb80%\u00bb width_last_edited=\u00bbon|phone\u00bb][et_pb_column type=\u00bb4_4&#8243; _builder_version=\u00bb4.9.6&#8243; _module_preset=\u00bbdefault\u00bb][et_pb_text _builder_version=\u00bb4.9.6&#8243; _module_preset=\u00bbdefault\u00bb text_text_color=\u00bb#FFFFFF\u00bb text_font_size=\u00bb22px\u00bb text_line_height=\u00bb1.5em\u00bb text_orientation=\u00bbcenter\u00bb width=\u00bb80%\u00bb width_tablet=\u00bb100%\u00bb width_phone=\u00bb100%\u00bb width_last_edited=\u00bbon|phone\u00bb module_alignment=\u00bbcenter\u00bb]Consigue la \u00faltima tecnolog\u00eda en control de accesos sin tener que cargar con gastos continuos mes a mes.[\/et_pb_text][\/et_pb_column][\/et_pb_row][\/et_pb_section]<\/p>\n","protected":false},"excerpt":{"rendered":"<p>CONTROL DE ACCESOSLa mejor tecnolog\u00eda para que elijas qui\u00e9n y cu\u00e1ndo accede a tu propiedad.\u00bfQuieres contar con la mejor tecnolog\u00eda para que elijas qui\u00e9n y cu\u00e1ndo accede a tu propiedad? Con los equipos de control de accesos sin cuotas de Safety Sistemas, es m\u00e1s f\u00e1cil que nunca. Elige el sistema de control de acceso o [&hellip;]<\/p>\n","protected":false},"author":1,"featured_media":0,"parent":0,"menu_order":0,"comment_status":"closed","ping_status":"closed","template":"","meta":{"_et_pb_use_builder":"on","_et_pb_old_content":"","_et_gb_content_width":"","footnotes":""},"class_list":["post-506","page","type-page","status-publish","hentry"],"yoast_head":"<!-- This site is optimized with the Yoast SEO plugin v27.4 - https:\/\/yoast.com\/product\/yoast-seo-wordpress\/ -->\n<title>Control de accesos - Safety Seguros<\/title>\n<meta name=\"robots\" content=\"index, follow, max-snippet:-1, max-image-preview:large, max-video-preview:-1\" \/>\n<link rel=\"canonical\" href=\"https:\/\/safetysistemas.es\/?page_id=506\" \/>\n<meta property=\"og:locale\" content=\"es_ES\" \/>\n<meta property=\"og:type\" content=\"article\" \/>\n<meta property=\"og:title\" content=\"Control de accesos - Safety Seguros\" \/>\n<meta property=\"og:description\" content=\"CONTROL DE ACCESOSLa mejor tecnolog\u00eda para que elijas qui\u00e9n y cu\u00e1ndo accede a tu propiedad.\u00bfQuieres contar con la mejor tecnolog\u00eda para que elijas qui\u00e9n y cu\u00e1ndo accede a tu propiedad? Con los equipos de control de accesos sin cuotas de Safety Sistemas, es m\u00e1s f\u00e1cil que nunca. Elige el sistema de control de acceso o [&hellip;]\" \/>\n<meta property=\"og:url\" content=\"https:\/\/safetysistemas.es\/?page_id=506\" \/>\n<meta property=\"og:site_name\" content=\"Safety Seguros\" \/>\n<meta property=\"article:modified_time\" content=\"2022-01-18T15:13:41+00:00\" \/>\n<meta name=\"twitter:card\" content=\"summary_large_image\" \/>\n<script type=\"application\/ld+json\" class=\"yoast-schema-graph\">{\"@context\":\"https:\\\/\\\/schema.org\",\"@graph\":[{\"@type\":\"WebPage\",\"@id\":\"https:\\\/\\\/safetysistemas.es\\\/?page_id=506\",\"url\":\"https:\\\/\\\/safetysistemas.es\\\/?page_id=506\",\"name\":\"Control de accesos - Safety Seguros\",\"isPartOf\":{\"@id\":\"https:\\\/\\\/safetysistemas.es\\\/#website\"},\"datePublished\":\"2022-01-18T12:26:42+00:00\",\"dateModified\":\"2022-01-18T15:13:41+00:00\",\"breadcrumb\":{\"@id\":\"https:\\\/\\\/safetysistemas.es\\\/?page_id=506#breadcrumb\"},\"inLanguage\":\"es\",\"potentialAction\":[{\"@type\":\"ReadAction\",\"target\":[\"https:\\\/\\\/safetysistemas.es\\\/?page_id=506\"]}]},{\"@type\":\"BreadcrumbList\",\"@id\":\"https:\\\/\\\/safetysistemas.es\\\/?page_id=506#breadcrumb\",\"itemListElement\":[{\"@type\":\"ListItem\",\"position\":1,\"name\":\"Portada\",\"item\":\"https:\\\/\\\/safetysistemas.es\\\/\"},{\"@type\":\"ListItem\",\"position\":2,\"name\":\"Control de accesos\"}]},{\"@type\":\"WebSite\",\"@id\":\"https:\\\/\\\/safetysistemas.es\\\/#website\",\"url\":\"https:\\\/\\\/safetysistemas.es\\\/\",\"name\":\"Safety Seguros\",\"description\":\"Especialistas en sistemas de seguridad y videovigilancia\",\"potentialAction\":[{\"@type\":\"SearchAction\",\"target\":{\"@type\":\"EntryPoint\",\"urlTemplate\":\"https:\\\/\\\/safetysistemas.es\\\/?s={search_term_string}\"},\"query-input\":{\"@type\":\"PropertyValueSpecification\",\"valueRequired\":true,\"valueName\":\"search_term_string\"}}],\"inLanguage\":\"es\"}]}<\/script>\n<!-- \/ Yoast SEO plugin. -->","yoast_head_json":{"title":"Control de accesos - Safety Seguros","robots":{"index":"index","follow":"follow","max-snippet":"max-snippet:-1","max-image-preview":"max-image-preview:large","max-video-preview":"max-video-preview:-1"},"canonical":"https:\/\/safetysistemas.es\/?page_id=506","og_locale":"es_ES","og_type":"article","og_title":"Control de accesos - Safety Seguros","og_description":"CONTROL DE ACCESOSLa mejor tecnolog\u00eda para que elijas qui\u00e9n y cu\u00e1ndo accede a tu propiedad.\u00bfQuieres contar con la mejor tecnolog\u00eda para que elijas qui\u00e9n y cu\u00e1ndo accede a tu propiedad? Con los equipos de control de accesos sin cuotas de Safety Sistemas, es m\u00e1s f\u00e1cil que nunca. Elige el sistema de control de acceso o [&hellip;]","og_url":"https:\/\/safetysistemas.es\/?page_id=506","og_site_name":"Safety Seguros","article_modified_time":"2022-01-18T15:13:41+00:00","twitter_card":"summary_large_image","schema":{"@context":"https:\/\/schema.org","@graph":[{"@type":"WebPage","@id":"https:\/\/safetysistemas.es\/?page_id=506","url":"https:\/\/safetysistemas.es\/?page_id=506","name":"Control de accesos - Safety Seguros","isPartOf":{"@id":"https:\/\/safetysistemas.es\/#website"},"datePublished":"2022-01-18T12:26:42+00:00","dateModified":"2022-01-18T15:13:41+00:00","breadcrumb":{"@id":"https:\/\/safetysistemas.es\/?page_id=506#breadcrumb"},"inLanguage":"es","potentialAction":[{"@type":"ReadAction","target":["https:\/\/safetysistemas.es\/?page_id=506"]}]},{"@type":"BreadcrumbList","@id":"https:\/\/safetysistemas.es\/?page_id=506#breadcrumb","itemListElement":[{"@type":"ListItem","position":1,"name":"Portada","item":"https:\/\/safetysistemas.es\/"},{"@type":"ListItem","position":2,"name":"Control de accesos"}]},{"@type":"WebSite","@id":"https:\/\/safetysistemas.es\/#website","url":"https:\/\/safetysistemas.es\/","name":"Safety Seguros","description":"Especialistas en sistemas de seguridad y videovigilancia","potentialAction":[{"@type":"SearchAction","target":{"@type":"EntryPoint","urlTemplate":"https:\/\/safetysistemas.es\/?s={search_term_string}"},"query-input":{"@type":"PropertyValueSpecification","valueRequired":true,"valueName":"search_term_string"}}],"inLanguage":"es"}]}},"_links":{"self":[{"href":"https:\/\/safetysistemas.es\/index.php?rest_route=\/wp\/v2\/pages\/506","targetHints":{"allow":["GET"]}}],"collection":[{"href":"https:\/\/safetysistemas.es\/index.php?rest_route=\/wp\/v2\/pages"}],"about":[{"href":"https:\/\/safetysistemas.es\/index.php?rest_route=\/wp\/v2\/types\/page"}],"author":[{"embeddable":true,"href":"https:\/\/safetysistemas.es\/index.php?rest_route=\/wp\/v2\/users\/1"}],"replies":[{"embeddable":true,"href":"https:\/\/safetysistemas.es\/index.php?rest_route=%2Fwp%2Fv2%2Fcomments&post=506"}],"version-history":[{"count":6,"href":"https:\/\/safetysistemas.es\/index.php?rest_route=\/wp\/v2\/pages\/506\/revisions"}],"predecessor-version":[{"id":537,"href":"https:\/\/safetysistemas.es\/index.php?rest_route=\/wp\/v2\/pages\/506\/revisions\/537"}],"wp:attachment":[{"href":"https:\/\/safetysistemas.es\/index.php?rest_route=%2Fwp%2Fv2%2Fmedia&parent=506"}],"curies":[{"name":"wp","href":"https:\/\/api.w.org\/{rel}","templated":true}]}}